{"id":108,"date":"2020-05-03T18:58:51","date_gmt":"2020-05-03T22:58:51","guid":{"rendered":"https:\/\/blainvillier.onlinegolfshop.ca\/?post_type=product&#038;p=108"},"modified":"2020-05-11T07:25:24","modified_gmt":"2020-05-11T11:25:24","slug":"cobra-speedzone-xtreme-driver","status":"publish","type":"product","link":"https:\/\/blainvillier.onlinegolfshop.ca\/en\/product\/cobra-speedzone-xtreme-driver\/","title":{"rendered":"Cobra Speedzone Xtreme Yellow - Driver"},"content":{"rendered":"","protected":false},"excerpt":{"rendered":"<p><b>Bois de d\u00e9part Xtreme<\/b><\/p>\n<p>Le bois de d\u00e9part le plus tol\u00e9rant jamais con\u00e7u par Cobra vise \u00e0\u00a0atteindre deux objectifs: offrir une vitesse de balle sup\u00e9rieure et une pr\u00e9cision in\u00e9gal\u00e9e. Son profil \u00e9largi avec un poids accentu\u00e9 sur le p\u00e9rim\u00e8tre et un poids en tungst\u00e8ne \u00e0 l\u2019arri\u00e8re permet de g\u00e9n\u00e9rer le moment d\u2019inertie le plus \u00e9lev\u00e9 de l\u2019histoire de la compagnie<\/p>\n<div class=\"content-asset\">\n<p><b>Caract\u00e9ristiques:<\/b><\/p>\n<\/div>\n<ul>\n<li>Face CNC Milled Infinity<\/li>\n<li>Ch\u00e2ssis Titanium Speed<\/li>\n<li>Couronne 360\u00b0 Carbon Wrap<\/li>\n<li>Poids Speedback<\/li>\n<li>Profil Speedback<\/li>\n<li>Design \u00e0 haut moment d\u2019inertie<\/li>\n<li>Technologie Cobra Connect<\/li>\n<\/ul>\n<p>&nbsp;<\/p>","protected":false},"featured_media":110,"template":"","meta":[],"product_brand":[],"product_cat":[35,22],"product_tag":[],"class_list":{"0":"post-108","1":"product","2":"type-product","3":"status-publish","4":"has-post-thumbnail","6":"product_cat-batons-de-golf","7":"product_cat-batons-de-golf-drivers","9":"first","10":"instock","11":"taxable","12":"shipping-taxable","13":"purchasable","14":"product-type-simple"},"_links":{"self":[{"href":"https:\/\/blainvillier.onlinegolfshop.ca\/en\/wp-json\/wp\/v2\/product\/108","targetHints":{"allow":["GET"]}}],"collection":[{"href":"https:\/\/blainvillier.onlinegolfshop.ca\/en\/wp-json\/wp\/v2\/product"}],"about":[{"href":"https:\/\/blainvillier.onlinegolfshop.ca\/en\/wp-json\/wp\/v2\/types\/product"}],"wp:featuredmedia":[{"embeddable":true,"href":"https:\/\/blainvillier.onlinegolfshop.ca\/en\/wp-json\/wp\/v2\/media\/110"}],"wp:attachment":[{"href":"https:\/\/blainvillier.onlinegolfshop.ca\/en\/wp-json\/wp\/v2\/media?parent=108"}],"wp:term":[{"taxonomy":"product_brand","embeddable":true,"href":"https:\/\/blainvillier.onlinegolfshop.ca\/en\/wp-json\/wp\/v2\/product_brand?post=108"},{"taxonomy":"product_cat","embeddable":true,"href":"https:\/\/blainvillier.onlinegolfshop.ca\/en\/wp-json\/wp\/v2\/product_cat?post=108"},{"taxonomy":"product_tag","embeddable":true,"href":"https:\/\/blainvillier.onlinegolfshop.ca\/en\/wp-json\/wp\/v2\/product_tag?post=108"}],"curies":[{"name":"wp","href":"https:\/\/api.w.org\/{rel}","templated":true}]}}