{"id":190,"date":"2020-05-11T07:00:00","date_gmt":"2020-05-11T11:00:00","guid":{"rendered":"https:\/\/blainvillier.onlinegolfshop.ca\/?post_type=product&#038;p=190"},"modified":"2020-05-11T07:12:19","modified_gmt":"2020-05-11T11:12:19","slug":"tm-sim-max-3h-4h-5-pw-combo-graphite","status":"publish","type":"product","link":"https:\/\/blainvillier.onlinegolfshop.ca\/en\/product\/tm-sim-max-3h-4h-5-pw-combo-graphite\/","title":{"rendered":"TM SIM MAX 3H 4H 5-PW Combo Graphite"},"content":{"rendered":"<div class=\"content-asset\">\n<p><b>Caract\u00e9ristiques:<\/b><\/p>\n<\/div>\n<p><b>Syst\u00e8me d\u2019amortissement des vibrations ECHO:<\/b><\/p>\n<ul>\n<li>Con\u00e7u en utilisant une g\u00e9om\u00e9trie qui canalise l\u2019\u00e9nergie pour \u00e9liminer rapidement les vibrations au moment de l\u2019impact, il procure une meilleure sensation sans sacrifier la flexibilit\u00e9 de la face.<\/li>\n<\/ul>\n<p><b>Speed Pocket:<\/b><\/p>\n<ul>\n<li>Technologie brevet\u00e9e de TaylorMade con\u00e7ue pour maximiser la flexibilit\u00e9 de la face et g\u00e9n\u00e9rer une vitesse de balle sup\u00e9rieure et une tol\u00e9rance accrue lors des coups frapp\u00e9s sur la partie inf\u00e9rieure de la face.<\/li>\n<\/ul>\n<p><b>Face ultra mince:<\/b><\/p>\n<ul>\n<li>La face ultra mince de 1,5 mm et la technologie Inverted Cone progressive permettent de g\u00e9n\u00e9rer une vitesse de balle sup\u00e9rieure \u00e0 travers la face et d\u2019obtenir une zone d\u2019impact id\u00e9al \u00e9tendue con\u00e7ue pour promouvoir un vol de balle droit.<\/li>\n<\/ul>\n<p><b>Technologie Inverted Cone progressive:<\/b><\/p>\n<ul>\n<li>Cette technologie est positionn\u00e9e strat\u00e9giquement sur la face de chacun des fers pour \u00e9tendre la zone d\u2019impact id\u00e9al et minimiser l\u2019effet lat\u00e9ral lors des coups hors-centre afin de promouvoir un vol de balle droit.<\/li>\n<\/ul>","protected":false},"excerpt":{"rendered":"<p>Caract\u00e9ristiques: Syst\u00e8me d\u2019amortissement des vibrations ECHO: Con\u00e7u en utilisant une g\u00e9om\u00e9trie qui canalise l\u2019\u00e9nergie pour \u00e9liminer rapidement les vibrations au moment de l\u2019impact, il procure une meilleure sensation sans sacrifier la flexibilit\u00e9 de la face. Speed Pocket: Technologie brevet\u00e9e de TaylorMade con\u00e7ue pour maximiser la flexibilit\u00e9 de la face et g\u00e9n\u00e9rer une vitesse de balle [&hellip;]<\/p>\n","protected":false},"featured_media":191,"template":"","meta":[],"product_brand":[],"product_cat":[35,23],"product_tag":[],"class_list":{"0":"post-190","1":"product","2":"type-product","3":"status-publish","4":"has-post-thumbnail","6":"product_cat-batons-de-golf","7":"product_cat-batons-de-golf-fers","9":"first","10":"instock","11":"taxable","12":"shipping-taxable","13":"purchasable","14":"product-type-simple"},"_links":{"self":[{"href":"https:\/\/blainvillier.onlinegolfshop.ca\/en\/wp-json\/wp\/v2\/product\/190","targetHints":{"allow":["GET"]}}],"collection":[{"href":"https:\/\/blainvillier.onlinegolfshop.ca\/en\/wp-json\/wp\/v2\/product"}],"about":[{"href":"https:\/\/blainvillier.onlinegolfshop.ca\/en\/wp-json\/wp\/v2\/types\/product"}],"wp:featuredmedia":[{"embeddable":true,"href":"https:\/\/blainvillier.onlinegolfshop.ca\/en\/wp-json\/wp\/v2\/media\/191"}],"wp:attachment":[{"href":"https:\/\/blainvillier.onlinegolfshop.ca\/en\/wp-json\/wp\/v2\/media?parent=190"}],"wp:term":[{"taxonomy":"product_brand","embeddable":true,"href":"https:\/\/blainvillier.onlinegolfshop.ca\/en\/wp-json\/wp\/v2\/product_brand?post=190"},{"taxonomy":"product_cat","embeddable":true,"href":"https:\/\/blainvillier.onlinegolfshop.ca\/en\/wp-json\/wp\/v2\/product_cat?post=190"},{"taxonomy":"product_tag","embeddable":true,"href":"https:\/\/blainvillier.onlinegolfshop.ca\/en\/wp-json\/wp\/v2\/product_tag?post=190"}],"curies":[{"name":"wp","href":"https:\/\/api.w.org\/{rel}","templated":true}]}}